{"id":52,"date":"2023-06-14T18:51:51","date_gmt":"2023-06-14T18:51:51","guid":{"rendered":"https:\/\/taxifrosinone-fortini.it.radiotaxnicafortini.it\/?page_id=9"},"modified":"2025-09-04T11:06:31","modified_gmt":"2025-09-04T11:06:31","slug":"home","status":"publish","type":"page","link":"https:\/\/taxifrosinone-fortini.it\/","title":{"rendered":"Home"},"content":{"rendered":"\n<div class=\"wp-block-cover alignfull is-light\" style=\"min-height:720px;aspect-ratio:unset;\"><span aria-hidden=\"true\" class=\"wp-block-cover__background has-background-dim-100 has-background-dim has-background-gradient\" style=\"background:linear-gradient(35deg,rgb(6,0,151) 0%,rgb(130,4,255) 73%,rgb(193,15,255) 100%)\"><\/span><div class=\"wp-block-cover__inner-container is-layout-flow wp-block-cover-is-layout-flow\">\n<div class=\"inherit-container-width wp-block-group alignwide is-layout-constrained wp-block-group-is-layout-constrained\">\n<div class=\"wp-block-media-text alignwide has-media-on-the-right is-stacked-on-mobile is-vertically-aligned-center\" style=\"grid-template-columns:auto 40%\"><div class=\"wp-block-media-text__content\">\n<h2 class=\"wp-block-heading has-text-align-center has-white-color has-text-color\">Prenota ora: <mark style=\"background-color:rgba(0, 0, 0, 0)\" class=\"has-inline-color has-ast-global-color-5-color\">347<\/mark>7817477<\/h2>\n\n\n\n<p class=\"has-text-align-center\"><mark style=\"background-color:rgba(0, 0, 0, 0)\" class=\"has-inline-color has-ast-global-color-4-color\">Clicca qui per avviare subito una chiamata e prenotare un taxi<\/mark><\/p>\n\n\n\n<div class=\"wp-block-buttons alignwide is-content-justification-center is-layout-flex wp-container-core-buttons-is-layout-a89b3969 wp-block-buttons-is-layout-flex\">\n<div class=\"wp-block-button\"><a class=\"wp-block-button__link wp-element-button\" href=\"tel:+393477817477\">Chiama ora<\/a><\/div>\n<\/div>\n<\/div><figure class=\"wp-block-media-text__media\"><img loading=\"lazy\" decoding=\"async\" width=\"1024\" height=\"579\" src=\"https:\/\/taxifrosinone-fortini.it\/wp-content\/uploads\/2025\/02\/Taxi-mercedes-targato-_FR1906_-con-scritto-_Frosinone_-1024x579.jpg\" alt=\"\" class=\"wp-image-110 size-full\" srcset=\"https:\/\/taxifrosinone-fortini.it\/wp-content\/uploads\/2025\/02\/Taxi-mercedes-targato-_FR1906_-con-scritto-_Frosinone_-1024x579.jpg 1024w, https:\/\/taxifrosinone-fortini.it\/wp-content\/uploads\/2025\/02\/Taxi-mercedes-targato-_FR1906_-con-scritto-_Frosinone_-300x170.jpg 300w, https:\/\/taxifrosinone-fortini.it\/wp-content\/uploads\/2025\/02\/Taxi-mercedes-targato-_FR1906_-con-scritto-_Frosinone_-768x434.jpg 768w, https:\/\/taxifrosinone-fortini.it\/wp-content\/uploads\/2025\/02\/Taxi-mercedes-targato-_FR1906_-con-scritto-_Frosinone_.jpg 1472w\" sizes=\"auto, (max-width: 1024px) 100vw, 1024px\" \/><\/figure><\/div>\n<\/div>\n<\/div><\/div>\n\n\n\n<div class=\"wp-block-group alignfull has-ast-global-color-5-background-color has-background is-layout-constrained wp-container-core-group-is-layout-9cedb757 wp-block-group-is-layout-constrained\" style=\"padding-bottom:0px\">\n<div class=\"wp-block-columns are-vertically-aligned-top is-layout-flex wp-container-core-columns-is-layout-00723822 wp-block-columns-is-layout-flex\">\n<div class=\"wp-block-column is-vertically-aligned-top is-layout-flow wp-container-core-column-is-layout-6b73ce23 wp-block-column-is-layout-flow\">\n<figure class=\"wp-block-image aligncenter size-large\"><img decoding=\"async\" src=\"https:\/\/taxifrosinone-fortini.it\/wp-content\/themes\/astra\/inc\/assets\/images\/starter-content\/building.svg\" alt=\"\"\/><\/figure>\n\n\n\n<h3 class=\"wp-block-heading has-text-align-center\" style=\"margin-top:16px\">Servizio su tutto il territorio<\/h3>\n\n\n\n<p class=\"has-text-align-center\">Siamo attivi su tutta la provincia di Frosinone e comuni limitrofi<\/p>\n<\/div>\n\n\n\n<div class=\"wp-block-column is-vertically-aligned-top is-layout-flow wp-container-core-column-is-layout-6b73ce23 wp-block-column-is-layout-flow\">\n<figure class=\"wp-block-image aligncenter size-large\"><img decoding=\"async\" src=\"https:\/\/taxifrosinone-fortini.it\/wp-content\/themes\/astra\/inc\/assets\/images\/starter-content\/portfolio.svg\" alt=\"\"\/><\/figure>\n\n\n\n<h3 class=\"wp-block-heading has-text-align-center\" style=\"margin-top:16px\">Servizio aeroportuale<\/h3>\n\n\n\n<p class=\"has-text-align-center\">Effettuiamo trasporti verso gli aeroporti pi\u00f9 vicini come Fiumicino e Capodichino<\/p>\n<\/div>\n\n\n\n<div class=\"wp-block-column is-vertically-aligned-top is-layout-flow wp-container-core-column-is-layout-6b73ce23 wp-block-column-is-layout-flow\">\n<figure class=\"wp-block-image aligncenter size-large\"><img decoding=\"async\" src=\"https:\/\/taxifrosinone-fortini.it\/wp-content\/themes\/astra\/inc\/assets\/images\/starter-content\/blog.svg\" alt=\"\"\/><\/figure>\n\n\n\n<h3 class=\"wp-block-heading has-text-align-center\" style=\"margin-top:16px\">Inviaci un e-mail<\/h3>\n\n\n\n<p class=\"has-text-align-center\">Per maggiori informazioni o per prenotare un servizio ad-hoc<\/p>\n<\/div>\n<\/div>\n<\/div>\n\n\n\n<div class=\"wp-block-group alignfull is-layout-constrained wp-container-core-group-is-layout-45b0ac4f wp-block-group-is-layout-constrained\" id=\"services\" style=\"padding-top:144px;padding-bottom:0px\">\n<h2 class=\"wp-block-heading has-text-align-center\">I nostri servizi<\/h2>\n\n\n\n<div class=\"wp-block-columns is-layout-flex wp-container-core-columns-is-layout-60cbf9bb wp-block-columns-is-layout-flex\" style=\"margin-top:50px\">\n<div class=\"wp-block-column is-layout-flow wp-container-core-column-is-layout-6b73ce23 wp-block-column-is-layout-flow\">\n<figure class=\"wp-block-image size-full is-resized\"><img loading=\"lazy\" decoding=\"async\" width=\"990\" height=\"542\" src=\"https:\/\/taxifrosinone-fortini.it\/wp-content\/uploads\/2023\/06\/5223514_1634_frosinone.jpg\" alt=\"\" class=\"wp-image-47\" style=\"width:382px;height:209px\" srcset=\"https:\/\/taxifrosinone-fortini.it\/wp-content\/uploads\/2023\/06\/5223514_1634_frosinone.jpg 990w, https:\/\/taxifrosinone-fortini.it\/wp-content\/uploads\/2023\/06\/5223514_1634_frosinone-300x164.jpg 300w, https:\/\/taxifrosinone-fortini.it\/wp-content\/uploads\/2023\/06\/5223514_1634_frosinone-768x420.jpg 768w\" sizes=\"auto, (max-width: 990px) 100vw, 990px\" \/><\/figure>\n\n\n\n<h3 class=\"wp-block-heading has-text-align-center\" style=\"margin-top:16px\">Frosinone<\/h3>\n\n\n\n<p class=\"has-text-align-center\">Che il vostro viaggo sia per lavoro o sia per una visita, prendetevi del tempo per visitare questa splendida citt\u00e0<\/p>\n<\/div>\n\n\n\n<div class=\"wp-block-column is-layout-flow wp-container-core-column-is-layout-6b73ce23 wp-block-column-is-layout-flow\">\n<figure class=\"wp-block-image size-large\"><img loading=\"lazy\" decoding=\"async\" width=\"1024\" height=\"654\" src=\"https:\/\/taxifrosinone-fortini.it\/wp-content\/uploads\/2023\/06\/bbdf0e71909a0c0169824bd54981b5be-scaled-1-1024x654.jpg\" alt=\"\" class=\"wp-image-48\" srcset=\"https:\/\/taxifrosinone-fortini.it\/wp-content\/uploads\/2023\/06\/bbdf0e71909a0c0169824bd54981b5be-scaled-1-1024x654.jpg 1024w, https:\/\/taxifrosinone-fortini.it\/wp-content\/uploads\/2023\/06\/bbdf0e71909a0c0169824bd54981b5be-scaled-1-300x192.jpg 300w, https:\/\/taxifrosinone-fortini.it\/wp-content\/uploads\/2023\/06\/bbdf0e71909a0c0169824bd54981b5be-scaled-1-768x491.jpg 768w, https:\/\/taxifrosinone-fortini.it\/wp-content\/uploads\/2023\/06\/bbdf0e71909a0c0169824bd54981b5be-scaled-1-1536x981.jpg 1536w, https:\/\/taxifrosinone-fortini.it\/wp-content\/uploads\/2023\/06\/bbdf0e71909a0c0169824bd54981b5be-scaled-1-2048x1308.jpg 2048w\" sizes=\"auto, (max-width: 1024px) 100vw, 1024px\" \/><\/figure>\n\n\n\n<h3 class=\"wp-block-heading has-text-align-center\" style=\"margin-top:16px\">Luoghi<\/h3>\n\n\n\n<p class=\"has-text-align-center\">Nella provincia di Frosinone ci sono tantissime localit\u00e0 che vale la pena visitare e siamo sicuri che rimarrete incantati dall&#8217;unicit\u00e0 del luogo  <\/p>\n<\/div>\n\n\n\n<div class=\"wp-block-column is-layout-flow wp-container-core-column-is-layout-6b73ce23 wp-block-column-is-layout-flow\">\n<figure class=\"wp-block-image size-full\"><img loading=\"lazy\" decoding=\"async\" width=\"550\" height=\"309\" src=\"https:\/\/taxifrosinone-fortini.it\/wp-content\/uploads\/2023\/06\/Roma-Fiumicino-Aeroporto.jpg\" alt=\"\" class=\"wp-image-49\" srcset=\"https:\/\/taxifrosinone-fortini.it\/wp-content\/uploads\/2023\/06\/Roma-Fiumicino-Aeroporto.jpg 550w, https:\/\/taxifrosinone-fortini.it\/wp-content\/uploads\/2023\/06\/Roma-Fiumicino-Aeroporto-300x169.jpg 300w\" sizes=\"auto, (max-width: 550px) 100vw, 550px\" \/><\/figure>\n\n\n\n<h3 class=\"wp-block-heading has-text-align-center\" style=\"margin-top:16px\">Airport<\/h3>\n\n\n\n<p class=\"has-text-align-center\">A solo un&#8217;ora da Frosinone \u00e8 presente uno degli aeroporti pi\u00f9 importanti d&#8217;Europa. Perch\u00e8 scegliere il treno quando puoi comodamente viaggiare su strada<\/p>\n<\/div>\n<\/div>\n<\/div>\n\n\n\n<div class=\"wp-block-group alignfull has-ast-global-color-5-background-color has-background is-layout-constrained wp-container-core-group-is-layout-94d206d0 wp-block-group-is-layout-constrained\" id=\"about\" style=\"padding-top:143px;padding-bottom:144px\">\n<h2 class=\"wp-block-heading has-text-align-center\" style=\"padding-right:40px\">Il nostro impegno<\/h2>\n\n\n\n<div class=\"wp-block-cover has-custom-content-position is-position-top-center wp-duotone-unset-1\" style=\"min-height:475px;aspect-ratio:unset;\"><img loading=\"lazy\" decoding=\"async\" width=\"1472\" height=\"832\" class=\"wp-block-cover__image-background wp-image-112\" alt=\"\" src=\"https:\/\/taxifrosinone-fortini.it\/wp-content\/uploads\/2025\/02\/Taxi-rolls-royce-targato-_FR1906_-con-scritto-_Frosinone_.jpg\" data-object-fit=\"cover\" srcset=\"https:\/\/taxifrosinone-fortini.it\/wp-content\/uploads\/2025\/02\/Taxi-rolls-royce-targato-_FR1906_-con-scritto-_Frosinone_.jpg 1472w, https:\/\/taxifrosinone-fortini.it\/wp-content\/uploads\/2025\/02\/Taxi-rolls-royce-targato-_FR1906_-con-scritto-_Frosinone_-300x170.jpg 300w, https:\/\/taxifrosinone-fortini.it\/wp-content\/uploads\/2025\/02\/Taxi-rolls-royce-targato-_FR1906_-con-scritto-_Frosinone_-1024x579.jpg 1024w, https:\/\/taxifrosinone-fortini.it\/wp-content\/uploads\/2025\/02\/Taxi-rolls-royce-targato-_FR1906_-con-scritto-_Frosinone_-768x434.jpg 768w\" sizes=\"auto, (max-width: 1472px) 100vw, 1472px\" \/><span aria-hidden=\"true\" class=\"wp-block-cover__background has-background-dim\" style=\"background-color:#635b5c\"><\/span><div class=\"wp-block-cover__inner-container is-layout-flow wp-block-cover-is-layout-flow\">\n<p class=\"has-text-align-center has-large-font-size\"><\/p>\n<\/div><\/div>\n\n\n\n<p class=\"has-text-align-center\">Il Servizio Taxi di Frosinone offre servizi di trasporto aziendali e privati di qualit\u00e0 in tutto il territorio a prezzi ragionevoli. Sappiamo che nel mondo di oggi il tempo \u00e8 denaro, ecco perch\u00e9 promettiamo di portarti ovunque tu stia andando in orario, ogni volta.<\/p>\n\n\n\n<p class=\"has-text-align-center\">Servizio Taxi Frosinone da anni fornisce servizi di trasporto di prima qualit\u00e0 sul territorio.<\/p>\n<\/div>\n\n\n\n<div class=\"wp-block-group alignfull is-layout-constrained wp-container-core-group-is-layout-3fee123f wp-block-group-is-layout-constrained\" id=\"whyus\" style=\"padding-top:144px;padding-bottom:144px\">\n<h2 class=\"wp-block-heading has-text-align-center\">Perch\u00e9 noi<\/h2>\n\n\n\n<div class=\"wp-block-columns is-layout-flex wp-container-core-columns-is-layout-29aadeec wp-block-columns-is-layout-flex\" style=\"margin-top:60px\">\n<div class=\"wp-block-column is-layout-flow wp-container-core-column-is-layout-6b73ce23 wp-block-column-is-layout-flow\">\n<figure class=\"wp-block-image aligncenter size-large\"><img decoding=\"async\" src=\"https:\/\/taxifrosinone-fortini.it\/wp-content\/themes\/astra\/inc\/assets\/images\/starter-content\/passionate.svg\" alt=\"\"\/><\/figure>\n\n\n\n<h3 class=\"wp-block-heading has-text-align-center\" style=\"margin-top:16px\">Passione<\/h3>\n\n\n\n<p class=\"has-text-align-center\">Da anni dedichiamo impegno e passione in quello che facciamo e cerchiamo di offrire sempre il meglio per i nostri clienti<\/p>\n<\/div>\n\n\n\n<div class=\"wp-block-column is-layout-flow wp-container-core-column-is-layout-6b73ce23 wp-block-column-is-layout-flow\">\n<figure class=\"wp-block-image aligncenter size-large\"><img decoding=\"async\" src=\"https:\/\/taxifrosinone-fortini.it\/wp-content\/themes\/astra\/inc\/assets\/images\/starter-content\/professional.svg\" alt=\"\"\/><\/figure>\n\n\n\n<h3 class=\"wp-block-heading has-text-align-center\" style=\"margin-top:16px\">Professionalit\u00e0<\/h3>\n\n\n\n<p class=\"has-text-align-center\">La nostra flotta \u00e8 composta da autisti competenti e professionali impegnati a mettere sempre il cliente a proprio agio <\/p>\n<\/div>\n\n\n\n<div class=\"wp-block-column is-layout-flow wp-container-core-column-is-layout-6b73ce23 wp-block-column-is-layout-flow\">\n<figure class=\"wp-block-image aligncenter size-large\"><img decoding=\"async\" src=\"https:\/\/taxifrosinone-fortini.it\/wp-content\/themes\/astra\/inc\/assets\/images\/starter-content\/support.svg\" alt=\"\"\/><\/figure>\n\n\n\n<h3 class=\"wp-block-heading has-text-align-center\" style=\"margin-top:16px\">Supporto<\/h3>\n\n\n\n<p class=\"has-text-align-center\">Se avete bisogno di maggiori informazioni potete scrivere un email o inviare un messaggio Whatsapp<\/p>\n<\/div>\n<\/div>\n<\/div>\n\n\n\n<div class=\"wp-block-group alignfull has-background is-layout-constrained wp-container-core-group-is-layout-cfcca693 wp-block-group-is-layout-constrained\" id=\"contact\" style=\"background:linear-gradient(35deg,rgb(6,0,151) 0%,rgb(130,4,255) 64%,rgb(193,15,255) 98%);padding-top:104px;padding-bottom:104px\">\n<h2 class=\"wp-block-heading has-text-align-center has-text-color\" style=\"color:#ffffff\">Cosa state aspettando<\/h2>\n\n\n\n<div class=\"wp-block-buttons alignwide is-horizontal is-content-justification-center is-layout-flex wp-container-core-buttons-is-layout-bba8380a wp-block-buttons-is-layout-flex\" style=\"margin-top:50px\">\n<div class=\"wp-block-button\"><a class=\"wp-block-button__link wp-element-button\" href=\"tel:+393477817477\">Chiama ora<\/a><\/div>\n\n\n\n<div class=\"wp-block-button\"><a class=\"wp-block-button__link wp-element-button\" href=\"mailto:serviziotaxifortini@gmail.com\" target=\"_blank\" rel=\"noreferrer noopener\">Email<\/a><\/div>\n\n\n\n<div class=\"wp-block-button\"><a class=\"wp-block-button__link wp-element-button\" href=\"https:\/\/wa.me\/393477817477\">Chat Whatsapp<\/a><\/div>\n<\/div>\n<\/div>\n","protected":false},"excerpt":{"rendered":"<p>Servizio su tutto il territorio Siamo attivi su tutta la provincia di Frosinone e comuni limitrofi Servizio aeroportuale Effettuiamo trasporti verso gli aeroporti pi\u00f9 vicini come Fiumicino e Capodichino Inviaci un e-mail Per maggiori informazioni o per prenotare un servizio ad-hoc I nostri servizi Frosinone Che il vostro viaggo sia per lavoro o sia per [&hellip;]<\/p>\n","protected":false},"author":1,"featured_media":0,"parent":0,"menu_order":0,"comment_status":"closed","ping_status":"closed","template":"","meta":{"_uf_show_specific_survey":0,"_uf_disable_surveys":false,"site-sidebar-layout":"no-sidebar","site-content-layout":"plain-container","ast-site-content-layout":"normal-width-container","site-content-style":"unboxed","site-sidebar-style":"unboxed","ast-global-header-display":"","ast-banner-title-visibility":"","ast-main-header-display":"","ast-hfb-above-header-display":"","ast-hfb-below-header-display":"","ast-hfb-mobile-header-display":"","site-post-title":"disabled","ast-breadcrumbs-content":"","ast-featured-img":"","footer-sml-layout":"","ast-disable-related-posts":"","theme-transparent-header-meta":"enabled","adv-header-id-meta":"","stick-header-meta":"","header-above-stick-meta":"","header-main-stick-meta":"","header-below-stick-meta":"","astra-migrate-meta-layouts":"set","ast-page-background-enabled":"default","ast-page-background-meta":{"desktop":{"background-color":"var(--ast-global-color-4)","background-image":"","background-repeat":"repeat","background-position":"center center","background-size":"auto","background-attachment":"scroll","background-type":"","background-media":"","overlay-type":"","overlay-color":"","overlay-opacity":"","overlay-gradient":""},"tablet":{"background-color":"","background-image":"","background-repeat":"repeat","background-position":"center center","background-size":"auto","background-attachment":"scroll","background-type":"","background-media":"","overlay-type":"","overlay-color":"","overlay-opacity":"","overlay-gradient":""},"mobile":{"background-color":"","background-image":"","background-repeat":"repeat","background-position":"center center","background-size":"auto","background-attachment":"scroll","background-type":"","background-media":"","overlay-type":"","overlay-color":"","overlay-opacity":"","overlay-gradient":""}},"ast-content-background-meta":{"desktop":{"background-color":"var(--ast-global-color-5)","background-image":"","background-repeat":"repeat","background-position":"center center","background-size":"auto","background-attachment":"scroll","background-type":"","background-media":"","overlay-type":"","overlay-color":"","overlay-opacity":"","overlay-gradient":""},"tablet":{"background-color":"var(--ast-global-color-5)","background-image":"","background-repeat":"repeat","background-position":"center center","background-size":"auto","background-attachment":"scroll","background-type":"","background-media":"","overlay-type":"","overlay-color":"","overlay-opacity":"","overlay-gradient":""},"mobile":{"background-color":"var(--ast-global-color-5)","background-image":"","background-repeat":"repeat","background-position":"center center","background-size":"auto","background-attachment":"scroll","background-type":"","background-media":"","overlay-type":"","overlay-color":"","overlay-opacity":"","overlay-gradient":""}},"footnotes":""},"class_list":["post-52","page","type-page","status-publish","hentry"],"yoast_head":"<!-- This site is optimized with the Yoast SEO plugin v27.4 - https:\/\/yoast.com\/product\/yoast-seo-wordpress\/ -->\n<title>Home - Taxi Frosinone<\/title>\n<meta name=\"robots\" content=\"index, follow, max-snippet:-1, max-image-preview:large, max-video-preview:-1\" \/>\n<link rel=\"canonical\" href=\"https:\/\/taxifrosinone-fortini.it\/\" \/>\n<meta property=\"og:locale\" content=\"it_IT\" \/>\n<meta property=\"og:type\" content=\"article\" \/>\n<meta property=\"og:title\" content=\"Home - Taxi Frosinone\" \/>\n<meta property=\"og:description\" content=\"Servizio su tutto il territorio Siamo attivi su tutta la provincia di Frosinone e comuni limitrofi Servizio aeroportuale Effettuiamo trasporti verso gli aeroporti pi\u00f9 vicini come Fiumicino e Capodichino Inviaci un e-mail Per maggiori informazioni o per prenotare un servizio ad-hoc I nostri servizi Frosinone Che il vostro viaggo sia per lavoro o sia per [&hellip;]\" \/>\n<meta property=\"og:url\" content=\"https:\/\/taxifrosinone-fortini.it\/\" \/>\n<meta property=\"og:site_name\" content=\"Taxi Frosinone\" \/>\n<meta property=\"article:modified_time\" content=\"2025-09-04T11:06:31+00:00\" \/>\n<meta property=\"og:image\" content=\"https:\/\/taxifrosinone-fortini.it\/wp-content\/uploads\/2025\/02\/Taxi-mercedes-targato-_FR1906_-con-scritto-_Frosinone_-1024x579.jpg\" \/>\n<meta name=\"twitter:card\" content=\"summary_large_image\" \/>\n<meta name=\"twitter:label1\" content=\"Tempo di lettura stimato\" \/>\n\t<meta name=\"twitter:data1\" content=\"4 minuti\" \/>\n<script type=\"application\/ld+json\" class=\"yoast-schema-graph\">{\"@context\":\"https:\\\/\\\/schema.org\",\"@graph\":[{\"@type\":\"WebPage\",\"@id\":\"https:\\\/\\\/taxifrosinone-fortini.it\\\/\",\"url\":\"https:\\\/\\\/taxifrosinone-fortini.it\\\/\",\"name\":\"Home - Taxi Frosinone\",\"isPartOf\":{\"@id\":\"https:\\\/\\\/taxifrosinone-fortini.it\\\/#website\"},\"primaryImageOfPage\":{\"@id\":\"https:\\\/\\\/taxifrosinone-fortini.it\\\/#primaryimage\"},\"image\":{\"@id\":\"https:\\\/\\\/taxifrosinone-fortini.it\\\/#primaryimage\"},\"thumbnailUrl\":\"https:\\\/\\\/taxifrosinone-fortini.it\\\/wp-content\\\/uploads\\\/2025\\\/02\\\/Taxi-mercedes-targato-_FR1906_-con-scritto-_Frosinone_-1024x579.jpg\",\"datePublished\":\"2023-06-14T18:51:51+00:00\",\"dateModified\":\"2025-09-04T11:06:31+00:00\",\"inLanguage\":\"it-IT\",\"potentialAction\":[{\"@type\":\"ReadAction\",\"target\":[\"https:\\\/\\\/taxifrosinone-fortini.it\\\/\"]}]},{\"@type\":\"ImageObject\",\"inLanguage\":\"it-IT\",\"@id\":\"https:\\\/\\\/taxifrosinone-fortini.it\\\/#primaryimage\",\"url\":\"https:\\\/\\\/taxifrosinone-fortini.it\\\/wp-content\\\/uploads\\\/2025\\\/02\\\/Taxi-mercedes-targato-_FR1906_-con-scritto-_Frosinone_.jpg\",\"contentUrl\":\"https:\\\/\\\/taxifrosinone-fortini.it\\\/wp-content\\\/uploads\\\/2025\\\/02\\\/Taxi-mercedes-targato-_FR1906_-con-scritto-_Frosinone_.jpg\",\"width\":1472,\"height\":832},{\"@type\":\"WebSite\",\"@id\":\"https:\\\/\\\/taxifrosinone-fortini.it\\\/#website\",\"url\":\"https:\\\/\\\/taxifrosinone-fortini.it\\\/\",\"name\":\"Taxi Frosinone\",\"description\":\"\",\"potentialAction\":[{\"@type\":\"SearchAction\",\"target\":{\"@type\":\"EntryPoint\",\"urlTemplate\":\"https:\\\/\\\/taxifrosinone-fortini.it\\\/?s={search_term_string}\"},\"query-input\":{\"@type\":\"PropertyValueSpecification\",\"valueRequired\":true,\"valueName\":\"search_term_string\"}}],\"inLanguage\":\"it-IT\"}]}<\/script>\n<!-- \/ Yoast SEO plugin. -->","yoast_head_json":{"title":"Home - Taxi Frosinone","robots":{"index":"index","follow":"follow","max-snippet":"max-snippet:-1","max-image-preview":"max-image-preview:large","max-video-preview":"max-video-preview:-1"},"canonical":"https:\/\/taxifrosinone-fortini.it\/","og_locale":"it_IT","og_type":"article","og_title":"Home - Taxi Frosinone","og_description":"Servizio su tutto il territorio Siamo attivi su tutta la provincia di Frosinone e comuni limitrofi Servizio aeroportuale Effettuiamo trasporti verso gli aeroporti pi\u00f9 vicini come Fiumicino e Capodichino Inviaci un e-mail Per maggiori informazioni o per prenotare un servizio ad-hoc I nostri servizi Frosinone Che il vostro viaggo sia per lavoro o sia per [&hellip;]","og_url":"https:\/\/taxifrosinone-fortini.it\/","og_site_name":"Taxi Frosinone","article_modified_time":"2025-09-04T11:06:31+00:00","og_image":[{"url":"https:\/\/taxifrosinone-fortini.it\/wp-content\/uploads\/2025\/02\/Taxi-mercedes-targato-_FR1906_-con-scritto-_Frosinone_-1024x579.jpg","type":"","width":"","height":""}],"twitter_card":"summary_large_image","twitter_misc":{"Tempo di lettura stimato":"4 minuti"},"schema":{"@context":"https:\/\/schema.org","@graph":[{"@type":"WebPage","@id":"https:\/\/taxifrosinone-fortini.it\/","url":"https:\/\/taxifrosinone-fortini.it\/","name":"Home - Taxi Frosinone","isPartOf":{"@id":"https:\/\/taxifrosinone-fortini.it\/#website"},"primaryImageOfPage":{"@id":"https:\/\/taxifrosinone-fortini.it\/#primaryimage"},"image":{"@id":"https:\/\/taxifrosinone-fortini.it\/#primaryimage"},"thumbnailUrl":"https:\/\/taxifrosinone-fortini.it\/wp-content\/uploads\/2025\/02\/Taxi-mercedes-targato-_FR1906_-con-scritto-_Frosinone_-1024x579.jpg","datePublished":"2023-06-14T18:51:51+00:00","dateModified":"2025-09-04T11:06:31+00:00","inLanguage":"it-IT","potentialAction":[{"@type":"ReadAction","target":["https:\/\/taxifrosinone-fortini.it\/"]}]},{"@type":"ImageObject","inLanguage":"it-IT","@id":"https:\/\/taxifrosinone-fortini.it\/#primaryimage","url":"https:\/\/taxifrosinone-fortini.it\/wp-content\/uploads\/2025\/02\/Taxi-mercedes-targato-_FR1906_-con-scritto-_Frosinone_.jpg","contentUrl":"https:\/\/taxifrosinone-fortini.it\/wp-content\/uploads\/2025\/02\/Taxi-mercedes-targato-_FR1906_-con-scritto-_Frosinone_.jpg","width":1472,"height":832},{"@type":"WebSite","@id":"https:\/\/taxifrosinone-fortini.it\/#website","url":"https:\/\/taxifrosinone-fortini.it\/","name":"Taxi Frosinone","description":"","potentialAction":[{"@type":"SearchAction","target":{"@type":"EntryPoint","urlTemplate":"https:\/\/taxifrosinone-fortini.it\/?s={search_term_string}"},"query-input":{"@type":"PropertyValueSpecification","valueRequired":true,"valueName":"search_term_string"}}],"inLanguage":"it-IT"}]}},"_links":{"self":[{"href":"https:\/\/taxifrosinone-fortini.it\/index.php\/wp-json\/wp\/v2\/pages\/52","targetHints":{"allow":["GET"]}}],"collection":[{"href":"https:\/\/taxifrosinone-fortini.it\/index.php\/wp-json\/wp\/v2\/pages"}],"about":[{"href":"https:\/\/taxifrosinone-fortini.it\/index.php\/wp-json\/wp\/v2\/types\/page"}],"author":[{"embeddable":true,"href":"https:\/\/taxifrosinone-fortini.it\/index.php\/wp-json\/wp\/v2\/users\/1"}],"replies":[{"embeddable":true,"href":"https:\/\/taxifrosinone-fortini.it\/index.php\/wp-json\/wp\/v2\/comments?post=52"}],"version-history":[{"count":14,"href":"https:\/\/taxifrosinone-fortini.it\/index.php\/wp-json\/wp\/v2\/pages\/52\/revisions"}],"predecessor-version":[{"id":121,"href":"https:\/\/taxifrosinone-fortini.it\/index.php\/wp-json\/wp\/v2\/pages\/52\/revisions\/121"}],"wp:attachment":[{"href":"https:\/\/taxifrosinone-fortini.it\/index.php\/wp-json\/wp\/v2\/media?parent=52"}],"curies":[{"name":"wp","href":"https:\/\/api.w.org\/{rel}","templated":true}]}}